{"id":1310,"date":"2024-08-05T13:50:28","date_gmt":"2024-08-05T11:50:28","guid":{"rendered":"https:\/\/frauenberatung-belladonna.at\/?page_id=1310"},"modified":"2024-09-24T11:41:15","modified_gmt":"2024-09-24T09:41:15","slug":"feiern-aber-sicher","status":"publish","type":"page","link":"https:\/\/frauenberatung-belladonna.at\/?page_id=1310","title":{"rendered":"Feiern? Aber sicher!"},"content":{"rendered":"\n<ul class=\"wp-block-list\">\n<li>Du musst keine verbalen, k\u00f6rperlichen oder sexuellen Bel\u00e4stigungen hinnehmen \u2013 auch nicht, wenn es Bekannte oder Freunde sind, die deine Grenzen \u00fcberschreiten! (Dies k\u00f6nnen z. B. sexuelle Anspielungen, obsz\u00f6ne Witze, Verfolgen, Bedr\u00e4ngen, unangenehme Blicke, ungewollte Ber\u00fchrungen bis hin zu sexueller N\u00f6tigung oder gar Vergewaltigung sein.)<\/li>\n<\/ul>\n\n\n\n<ul class=\"wp-block-list\">\n<li>Achtet aufeinander! Bleibt am besten in der Gruppe und versucht Euch im Blick zu behalten. Gemeinsam hingekommen, gemeinsam gehen!<\/li>\n<\/ul>\n\n\n\n<ul class=\"wp-block-list\">\n<li>Wenn du deine Freund:innen verlierst oder Hilfe ben\u00f6tigst, sprich andere direkt an und frag nach Hilfe. (Au\u00dfenstehende oder Mitarbeiter:innen des Veranstaltungsortes)<\/li>\n<\/ul>\n\n\n\n<ul class=\"wp-block-list\">\n<li>Lass dein Getr\u00e4nk und die Getr\u00e4nke deiner Begleitpersonen nicht unbeaufsichtigt. Mehr Infos zum Thema K.O.-Tropfen findest du hier: <a href=\"https:\/\/www.sexuellegewalt.at\/informieren\/ko-tropfen\/\">sexuellegewalt.at<\/a><\/li>\n<\/ul>\n\n\n\n<ul class=\"wp-block-list\">\n<li>Kennst du die Funktion \u201eSOS\u201c in den Einstellungen deines Smartphones? Damit kannst du einen stillen Notruf an Vertrauenspersonen oder Einsatzkr\u00e4fte absetzen.<\/li>\n<\/ul>\n\n\n\n<ul class=\"wp-block-list\">\n<li>Lass dich auf keine besoffenen Dramen ein \u2013 ihr k\u00f6nnt in diesem Zustand nichts kl\u00e4ren.<\/li>\n<\/ul>\n\n\n\n<ul class=\"wp-block-list\">\n<li>Wichtig zu wissen: Pfefferspray kann auch gegen dich selbst verwendet werden und z\u00e4hlt in \u00d6sterreich als Waffe! Besorge dir besser einen Taschenalarm.<\/li>\n<\/ul>\n\n\n\n<ul class=\"wp-block-list\">\n<li>Achte darauf, dass du noch ausreichend Akku f\u00fcr den Notfall oder den sicheren Heimweg hast (z. B. Energiesparmodus aktivieren, W-Lan oder Bluetooth deaktivieren, \u2026)<\/li>\n<\/ul>\n\n\n\n<p><strong>Im Akutfall:<\/strong><\/p>\n\n\n\n<p><strong>Polizei: 133 oder 112<\/strong><\/p>\n\n\n\n<p><strong>24-Stunden Frauenhelpline: 0800 222 555<\/strong><\/p>\n\n\n\n<h2 class=\"wp-block-heading\">In Kooperation mit der Stadtgemeinde St.Veit an der Glan aktuell beim St.Veiter Wiesenmarkt:<\/h2>\n\n\n\n<figure class=\"wp-block-image size-large\"><img loading=\"lazy\" decoding=\"async\" width=\"724\" height=\"1024\" src=\"https:\/\/frauenberatung-belladonna.at\/wp-content\/uploads\/2024\/09\/Plakat_Wiesenmarkt_QrCode_WEB-1-724x1024.jpg\" alt=\"\" class=\"wp-image-1320\" srcset=\"https:\/\/frauenberatung-belladonna.at\/wp-content\/uploads\/2024\/09\/Plakat_Wiesenmarkt_QrCode_WEB-1-724x1024.jpg 724w, https:\/\/frauenberatung-belladonna.at\/wp-content\/uploads\/2024\/09\/Plakat_Wiesenmarkt_QrCode_WEB-1-212x300.jpg 212w, https:\/\/frauenberatung-belladonna.at\/wp-content\/uploads\/2024\/09\/Plakat_Wiesenmarkt_QrCode_WEB-1-768x1086.jpg 768w, https:\/\/frauenberatung-belladonna.at\/wp-content\/uploads\/2024\/09\/Plakat_Wiesenmarkt_QrCode_WEB-1-1086x1536.jpg 1086w, https:\/\/frauenberatung-belladonna.at\/wp-content\/uploads\/2024\/09\/Plakat_Wiesenmarkt_QrCode_WEB-1-1448x2048.jpg 1448w, https:\/\/frauenberatung-belladonna.at\/wp-content\/uploads\/2024\/09\/Plakat_Wiesenmarkt_QrCode_WEB-1-scaled.jpg 1810w\" sizes=\"auto, (max-width: 724px) 100vw, 724px\" \/><\/figure>\n\n\n\n<figure class=\"wp-block-image size-large\"><img loading=\"lazy\" decoding=\"async\" width=\"724\" height=\"1024\" src=\"https:\/\/frauenberatung-belladonna.at\/wp-content\/uploads\/2024\/09\/Plakat_Wiesenmarkt_Text_WEB-2-724x1024.jpg\" alt=\"\" class=\"wp-image-1321\" srcset=\"https:\/\/frauenberatung-belladonna.at\/wp-content\/uploads\/2024\/09\/Plakat_Wiesenmarkt_Text_WEB-2-724x1024.jpg 724w, https:\/\/frauenberatung-belladonna.at\/wp-content\/uploads\/2024\/09\/Plakat_Wiesenmarkt_Text_WEB-2-212x300.jpg 212w, https:\/\/frauenberatung-belladonna.at\/wp-content\/uploads\/2024\/09\/Plakat_Wiesenmarkt_Text_WEB-2-768x1086.jpg 768w, https:\/\/frauenberatung-belladonna.at\/wp-content\/uploads\/2024\/09\/Plakat_Wiesenmarkt_Text_WEB-2-1086x1536.jpg 1086w, https:\/\/frauenberatung-belladonna.at\/wp-content\/uploads\/2024\/09\/Plakat_Wiesenmarkt_Text_WEB-2-1448x2048.jpg 1448w, https:\/\/frauenberatung-belladonna.at\/wp-content\/uploads\/2024\/09\/Plakat_Wiesenmarkt_Text_WEB-2-scaled.jpg 1810w\" sizes=\"auto, (max-width: 724px) 100vw, 724px\" \/><\/figure>\n","protected":false},"excerpt":{"rendered":"<p>Im Akutfall: Polizei: 133 oder 112 24-Stunden Frauenhelpline: 0800 222 555 In Kooperation mit der Stadtgemeinde St.Veit an der Glan aktuell beim St.Veiter Wiesenmarkt:<\/p>\n","protected":false},"author":1,"featured_media":0,"parent":0,"menu_order":0,"comment_status":"closed","ping_status":"closed","template":"","meta":{"footnotes":""},"class_list":["post-1310","page","type-page","status-publish","hentry"],"_links":{"self":[{"href":"https:\/\/frauenberatung-belladonna.at\/index.php?rest_route=\/wp\/v2\/pages\/1310","targetHints":{"allow":["GET"]}}],"collection":[{"href":"https:\/\/frauenberatung-belladonna.at\/index.php?rest_route=\/wp\/v2\/pages"}],"about":[{"href":"https:\/\/frauenberatung-belladonna.at\/index.php?rest_route=\/wp\/v2\/types\/page"}],"author":[{"embeddable":true,"href":"https:\/\/frauenberatung-belladonna.at\/index.php?rest_route=\/wp\/v2\/users\/1"}],"replies":[{"embeddable":true,"href":"https:\/\/frauenberatung-belladonna.at\/index.php?rest_route=%2Fwp%2Fv2%2Fcomments&post=1310"}],"version-history":[{"count":4,"href":"https:\/\/frauenberatung-belladonna.at\/index.php?rest_route=\/wp\/v2\/pages\/1310\/revisions"}],"predecessor-version":[{"id":1322,"href":"https:\/\/frauenberatung-belladonna.at\/index.php?rest_route=\/wp\/v2\/pages\/1310\/revisions\/1322"}],"wp:attachment":[{"href":"https:\/\/frauenberatung-belladonna.at\/index.php?rest_route=%2Fwp%2Fv2%2Fmedia&parent=1310"}],"curies":[{"name":"wp","href":"https:\/\/api.w.org\/{rel}","templated":true}]}}