{"id":1238,"date":"2024-01-09T11:09:23","date_gmt":"2024-01-09T10:09:23","guid":{"rendered":"https:\/\/frauenberatung-belladonna.at\/?page_id=1238"},"modified":"2025-02-19T12:53:51","modified_gmt":"2025-02-19T11:53:51","slug":"im-notfall","status":"publish","type":"page","link":"https:\/\/frauenberatung-belladonna.at\/?page_id=1238","title":{"rendered":"IM NOTFALL"},"content":{"rendered":"\n<p><strong>rund um die Uhr erreichbar!<\/strong><\/p>\n\n\n\n<p><strong>Polizei: 133<br>SMS Polizei: 0800 | 133 133 (auch Notruf f\u00fcr Geh\u00f6rlose)<\/strong><br><strong>Euronotruf: 112<\/strong><br><strong>Rettung: 144<\/strong><br><br><strong><a href=\"http:\/\/www.frauenhaus-klagenfurt.at\/\">Frauenhaus Klagenfurt<\/a>: 0463 \/ 449 66<br><a href=\"https:\/\/www.frauenhaus-villach.at\/\">Frauenhaus Villach<\/a>: 04242 \/ 31 0 31<br><a href=\"http:\/\/www.frauenhaus-lavanttal.at\/\">Frauenhaus Lavanttal<\/a>: 04352 \/ 369 29<br><a href=\"http:\/\/www.frauenhilfe-spittal.at\/\">Frauenhaus Spittal<\/a>: 04762 \/ 613 86<\/strong><br>Alle Kontaktdaten und Informationen weiterer Frauenh\u00e4user finden sich auf der&nbsp;<br><a href=\"https:\/\/www.aoef.at\/index.php\/frauenhaeuser2\">Webseite der Autonomen \u00d6sterreichischen Frauenh\u00e4user aoef.at<\/a><br><br><strong><a href=\"https:\/\/www.klinikum-klagenfurt.at\/abteilungen-ambulanzen\/medizinische-abteilungen\/psychiatrie-und-psychotherapeutische-medizin\/patienteninformation\/\">psychiatrischer Not- und Krisendienst<\/a> Hilfe in psychischen Krisen telefonisch oder vor Ort: 0664\/ 300 7007<\/strong><br><strong><a href=\"https:\/\/www.telefonseelsorge.at\/\">Telefonseelsorge<\/a>: 142<\/strong> (keine Vorwahl)<br><strong><a href=\"https:\/\/www.rataufdraht.at\/\">RAT AUF DRAHT<\/a> f\u00fcr Kinder, Jugendliche und Bezugspersonen: 147<\/strong> (keine Vorwahl)<\/p>\n\n\n\n<p><strong><a href=\"https:\/\/www.frauenhelpline.at\/\">Frauenhelpline gegen Gewalt<\/a>: <a href=\"tel:0800222555\">0800 222 555<\/a><br>\u00f6sterreichweit kostenlos, rund um die Uhr, anonym und vertraulich<br><\/strong>Beratungszeiten in Fremdsprachen:<br>Utorkom: 14-19 sati: bosanski-hrvatski-srpski<br>Miercuri: 8.00-14.00: Rom\u00e2n\u0103<br>Jueves: 8.00-14.00: Espa\u00f1ol<br>Cuma: 08.00-14.00 arasi: T\u00fcrk\u00e7e<br>\u0627\u0644\u062c\u0645\u0639\u0629: 2 \u0638\u0647\u0631\u064b\u0627 &#8211; 7 \u0645\u0633\u0627\u0621\u064b: \u0639\u0631\u0628\u064a<br>\u0634\u0646\u0628\u0647: 8 \u0635\u0628\u062d \u062a\u0627 14: \u062f\u0631\u06cc \u0641\u0627\u0631\u0633\u06cc<br>English ist provided by all counsellors<br>F\u00fcr geh\u00f6rlose Menschen ist die Frauenhelpline in Zusammenarbeit mit der \u00d6GS (mit Unterst\u00fctzung des <a href=\"https:\/\/www.oegsbarrierefrei.at\/frauenhelpline\/\">RelayService<\/a>) erreichbar.<\/p>\n\n\n\n<p><a href=\"https:\/\/wave-network.org\/\">WOMEN AGAINST VIOLENCE EUROPE<\/a><br><a href=\"https:\/\/wave-network.org\/list-of-helplines-in-46-countries\/\">Frauenhelplines in anderen europ\u00e4ischen L\u00e4ndern<\/a><\/p>\n\n\n\n<p><strong><a href=\"https:\/\/www.diakonie.at\/unsere-angebote-und-einrichtungen\/amike-telefon\">AMIKE Telefon <\/a>&#8211; psychologische Beratung am Telefon in vielen Sprachen<\/strong><br><strong>Montag-Freitag von 10:00 &#8211; 13:00 und 14:00 &#8211; 17:30 Uhr<\/strong><br>Deutsch \/ Englisch <a href=\"tel:+43134301011\">+43 1 343 01 01 1<\/a><br>Dari \/ Farsi:<a href=\"tel:+43134301012\"> +43 1 343 01 01 2<\/a><br>Arabisch \/ Kurdisch: <a href=\"tel:+43134301013\">+43 1 343 01 01 3<\/a><br>Russisch: <a href=\"tel:+43134301014\">+43 1 343 01 01 4<\/a><br>BKS: <a href=\"tel:+43134301015\">+43 1 343 01 01 5<\/a><br>T\u00fcrkisch: <a href=\"tel:+43134301016\">+43 1 343 01 01 6<\/a><br>Ukrainisch: <a href=\"tel:+43134301017\">+43 1 343 01 01 7<\/a><\/p>\n\n\n\n<p><strong><a href=\"https:\/\/www.wohin.or.at\/\">WOHIN<\/a>: <a href=\"tel:0800999117\">0800 999 117<\/a><br><a href=\"https:\/\/www.wohin.or.at\/\">WOHIN &#8211; Die K\u00e4rntner Soziallotsen<\/a> informierten telefonisch und rund um die Uhr im Chat sowie auf Ihrer <a href=\"https:\/\/www.wohin.or.at\/\">Webseite <\/a>\u00fcber alle Unterst\u00fctzungsm\u00f6glichkeiten und Hilfsangebote in K\u00e4rnten. Von A wie Arbeit bis Z wie Zuhause.<\/strong><\/p>\n\n\n\n<p><\/p>\n\n\n\n<p>Im Fall von Diskriminierung: <a href=\"https:\/\/www.gleichbehandlungsanwaltschaft.gv.at\/unser-angebot\/digitale-erstberatung.html\">Digitale Erstberatung der Gleichbehandlungsanwaltschaft<\/a><\/p>\n\n\n\n<p><\/p>\n","protected":false},"excerpt":{"rendered":"<p>rund um die Uhr erreichbar! Polizei: 133SMS Polizei: 0800 | 133 133 (auch Notruf f\u00fcr Geh\u00f6rlose)Euronotruf: 112Rettung: 144 Frauenhaus Klagenfurt: 0463 \/ 449 66Frauenhaus Villach: 04242 \/ 31 0 31Frauenhaus Lavanttal: 04352 \/ 369 29Frauenhaus Spittal: 04762 \/ 613 86Alle Kontaktdaten und Informationen weiterer Frauenh\u00e4user finden sich auf der&nbsp;Webseite der Autonomen \u00d6sterreichischen Frauenh\u00e4user aoef.at psychiatrischer &hellip; <a href=\"https:\/\/frauenberatung-belladonna.at\/?page_id=1238\" class=\"more-link\"><span class=\"screen-reader-text\">IM NOTFALL<\/span> weiterlesen <span class=\"meta-nav\">&rarr;<\/span><\/a><\/p>\n","protected":false},"author":1,"featured_media":0,"parent":0,"menu_order":0,"comment_status":"closed","ping_status":"closed","template":"","meta":{"footnotes":""},"class_list":["post-1238","page","type-page","status-publish","hentry"],"_links":{"self":[{"href":"https:\/\/frauenberatung-belladonna.at\/index.php?rest_route=\/wp\/v2\/pages\/1238","targetHints":{"allow":["GET"]}}],"collection":[{"href":"https:\/\/frauenberatung-belladonna.at\/index.php?rest_route=\/wp\/v2\/pages"}],"about":[{"href":"https:\/\/frauenberatung-belladonna.at\/index.php?rest_route=\/wp\/v2\/types\/page"}],"author":[{"embeddable":true,"href":"https:\/\/frauenberatung-belladonna.at\/index.php?rest_route=\/wp\/v2\/users\/1"}],"replies":[{"embeddable":true,"href":"https:\/\/frauenberatung-belladonna.at\/index.php?rest_route=%2Fwp%2Fv2%2Fcomments&post=1238"}],"version-history":[{"count":10,"href":"https:\/\/frauenberatung-belladonna.at\/index.php?rest_route=\/wp\/v2\/pages\/1238\/revisions"}],"predecessor-version":[{"id":1344,"href":"https:\/\/frauenberatung-belladonna.at\/index.php?rest_route=\/wp\/v2\/pages\/1238\/revisions\/1344"}],"wp:attachment":[{"href":"https:\/\/frauenberatung-belladonna.at\/index.php?rest_route=%2Fwp%2Fv2%2Fmedia&parent=1238"}],"curies":[{"name":"wp","href":"https:\/\/api.w.org\/{rel}","templated":true}]}}