{"id":1223,"date":"2024-01-11T09:10:29","date_gmt":"2024-01-11T08:10:29","guid":{"rendered":"https:\/\/frauenberatung-belladonna.at\/?page_id=1223"},"modified":"2024-01-16T14:49:31","modified_gmt":"2024-01-16T13:49:31","slug":"elternberatung","status":"publish","type":"page","link":"https:\/\/frauenberatung-belladonna.at\/?page_id=1223","title":{"rendered":"Elternberatung"},"content":{"rendered":"\n<p><\/p>\n\n\n\n<p>Im Auftrag des Familienministeriums d\u00fcrfen wir Sie mit der <strong>kostenlosen Elternberatung im Rahmen des Eltern-Kind-Passes<\/strong> unterst\u00fctzen, die Bed\u00fcrfnisse Ihrer Familie und Ihre beruflichen Ziele in Einklang zu bringen. <\/p>\n\n\n\n<h2 class=\"wp-block-heading\">Wir informieren Sie kompetent \u00fcber Themen wie<\/h2>\n\n\n\n<ul class=\"wp-block-list\">\n<li><strong>Finanzielle Leistungen rund um die Geburt<\/strong><\/li>\n\n\n\n<li><strong>Partnerschaftliche Aufteilung der Elternzeit, Karenzmodelle, Elternteilzeit<\/strong><\/li>\n\n\n\n<li><strong>Wiedereinstieg in den Job, Pensionssplitting<\/strong><\/li>\n\n\n\n<li><strong>Elternwerden, Elternsein, Erziehung, Beziehung, Konfliktbew\u00e4ltigung<\/strong><\/li>\n<\/ul>\n\n\n\n<p>Als anerkannte und zertifizierte Familienberatungsstelle stehen wir Ihnen auch dar\u00fcber hinaus  f\u00fcr individuelle Anliegen, Sorgen und \u00c4ngste rund um den neuen Lebensabschnitt beratend zur Seite.<\/p>\n\n\n\n<p><strong>Hilfreiche Links und Brosch\u00fcren zum Download<\/strong><\/p>\n\n\n\n<p>Eine \u00dcbersicht \u00fcber Informationen rund um Familie und Partnerschaft bietet <a href=\"https:\/\/www.oesterreich.gv.at\/themen\/familie_und_partnerschaft.html\">oesterreich.gv.at<\/a><\/p>\n\n\n\n<p>Das Bundeskanzleramt bietet zahlreiche hilfreiche <a href=\"https:\/\/www.bundeskanzleramt.gv.at\/service\/publikationen-aus-dem-bundeskanzleramt\/publikationen-zu-familie-und-jugend\/broschueren-familie-jugend.html\">Links, Informationen und Brosch\u00fcren f\u00fcr Familien zum Download <\/a>an. Beispielsweise <\/p>\n\n\n\n<p><\/p>\n\n\n\n<ul class=\"wp-block-list\">\n<li><a href=\"https:\/\/www.bundeskanzleramt.gv.at\/dam\/jcr:b7470020-218c-4b42-8b19-d1d216e4e019\/broschuere_schwangerschaft_2024_bf.pdf\">&#8222;Schwanger? Wissenswertes und Unterst\u00fctzungsangebote&#8220;<\/a><\/li>\n\n\n\n<li>oder die praktischen <a href=\"https:\/\/www.familienberatung.gv.at\/themenartikel\/Eltern-sein.html?tags=004813e4-d166-4300-b716-bddad973d090\">ElternTIPPs<\/a><\/li>\n\n\n\n<li>Im <a href=\"https:\/\/www.bundeskanzleramt.gv.at\/dam\/jcr:0086a628-05a3-4bdd-881c-ffd967b82b5d\/FamilienGuide_bro_012024.pdf\">&#8222;FamilienGuide  &#8211; Leistungen f\u00fcr Familien in \u00d6sterreich&#8220;<\/a> k\u00f6nnen Sie alle Themen der Elternberatung kurz zusammengefasst nachlesen.<\/li>\n\n\n\n<li>F\u00fcr besondere Familien gibt es neben den <a href=\"https:\/\/www.bundeskanzleramt.gv.at\/dam\/jcr:f8cc1d9a-8d86-4e6b-8884-ef4745baa198\/10_elterntipps_kinder_mit_behinderung_a4_bf.pdf\">Informationen des Bundeskanzleramts<\/a> auch Bundesl\u00e4nderbezogene Brosch\u00fcren wie <a href=\"https:\/\/www.bundeskanzleramt.gv.at\/dam\/jcr:d65ed433-eca2-43ea-aeef-3cb974fee155\/221019-2_Folder_Familienberatungsstellen_Ktn_DINlang_BF.pdf\">&#8222;Besonders gefordert? &#8211; Besonders gef\u00f6rdert! &#8211; Unterst\u00fctzungsangebote f\u00fcr Familien mit Kindern mit Behinderung (K\u00e4rnten)&#8220;<\/a><\/li>\n\n\n\n<li>Wenn Sie ihr Baby verloren haben, bietet die <a href=\"https:\/\/www.bundeskanzleramt.gv.at\/dam\/jcr:097caa2b-d17b-4969-b7d7-5681aac915b8\/stille_geburt_broschuere.pdf\">Brosch\u00fcre &#8222;Stille Geburt oder Tod des Neugeborenen&#8220;<\/a> Informationen.<br><\/li>\n<\/ul>\n\n\n\n<p><\/p>\n\n\n\n<p>Das <a href=\"https:\/\/www.gesundheit.gv.at\/leben\/eltern\/schwangerschaft\/info\/schwangerschaftsabbruch.html\">\u00f6ffentliche Gesundheitsportal \u00d6sterreichs<\/a> und die <a href=\"https:\/\/oegf.at\/ungeplante-schwangerschaft\/\">\u00d6sterreichische Gesellschaft f\u00fcr Familienplanung<\/a> informieren \u00fcber M\u00f6glichkeiten, wie Sie mit einer <a href=\"https:\/\/oegf.at\/ungeplante-schwangerschaft\/\">ungeplanten Schwangerschaft <\/a>umgehen k\u00f6nnen, auch wie Sie eine ungewollte Schwangerschaft verhindern (Pille danach) oder abbrechen. Wir stehen Ihnen, wenn Sie das m\u00f6chten bei Ihrem Entscheidungsprozess und in Ihrem Leben mit oder ohne Kind unterst\u00fctzend zur Seite.<\/p>\n\n\n\n<p>Die <a href=\"https:\/\/kaernten.arbeiterkammer.at\/meinesituation\/ichbekommeeinkind\/index.html\">Arbeiterkammer <\/a>informiert Arbeiterinnen und Angestellt \u00fcber alle Rechte, Pflichten und Fristen, berechnet die individuellen Anspr\u00fcche und Zuverdienstgrenzen und vertritt in Streitfragen ihre Interessen auch vor Gericht.<\/p>\n\n\n\n<p>Selbstst\u00e4ndige finden Informationen rund um Schwangerschaft im <a href=\"https:\/\/www.usp.gv.at\/gesundheit-sicherheit\/mutterschutz\/selbststaendigkeit-und-schwangerschaft.htmlhttps:\/\/www.usp.gv.at\/gesundheit-sicherheit\/mutterschutz\/selbststaendigkeit-und-schwangerschaft.html\">Unternehmensservice Portal<\/a> oder wenden sich an ihre Steuerberatung f\u00fcr die Berechnung von Anspr\u00fcchen und Zuverdienstgrenzen.<\/p>\n\n\n\n<p>\u00d6ffentlich Bedienstete bekommen Informationen und Unterst\u00fctzung bei ihrer Personalvertretung.<\/p>\n\n\n\n<p>Alle Informationen von und \u00fcber Hebammen gibt es beim <a href=\"https:\/\/www.hebammen.at\/\">Hebammengremium<\/a>.<\/p>\n\n\n\n<p>Das <a href=\"https:\/\/rueckhalt.at\/hilfetelefon\/\">Hilfetelefon Schwierige Geburt <\/a>unterst\u00fctzt nach traumatischen Geburten: 0720 322 077<\/p>\n\n\n\n<p>Die <a href=\"https:\/\/oepa.or.at\/\">\u00d6PA <\/a>bietet eine Plattform f\u00fcr Alleinerziehende, getrennt lebende und Patchwork Familien in \u00d6sterreich und informiert in ihrem Newsletter z.B. \u00fcber spezielle F\u00f6rderprogramme.<\/p>\n\n\n\n<p>Der Verein <a href=\"https:\/\/verein-fema.at\/\">FEMA  &#8211; feministische Alleinerziehende<\/a> bietet zahlreiche Informationen, Online-Workshops und Beratung speziell f\u00fcr alleinerziehende Frauen. <\/p>\n\n\n\n<p>Das Frauenreferat des Landes K\u00e4rnten hat die <a href=\"https:\/\/frauen.ktn.gv.at\/DE\/repos\/files\/frauenreferat\/Downloads\/Dokumente\/Infomaterial_%28292812%29\/Gleiches%20Recht%20f%C3%BCr%20beide%20Dez.%202019%20NEU_Web?exp=1040571&amp;fps=fcec21d1c4ebed248f42ddfdabee6bb4710c01ad\">Brosch\u00fcre &#8222;Gleiches Recht f\u00fcr Beide&#8220;<\/a> herausgegeben, um Sie bei der Gestaltung einer Partner*innenschaft auf Augenh\u00f6he zu unterst\u00fctzen.<\/p>\n\n\n\n<p><\/p>\n\n\n\n<p><strong>ENGLISH<\/strong><br>The <a href=\"https:\/\/www.bundeskanzleramt.gv.at\/dam\/jcr:7c0396f5-d5f5-4da8-b744-9d9f3b47d9d9\/familyguide_en.pdf\">&#8222;FamilyGuide &#8211; Services for Families in Austria&#8220;<\/a> provides basic information to English speaking families in Austria and you may find further information on <a href=\"https:\/\/www.oesterreich.gv.at\/themen\/leben_in_oesterreich\/Information-in-English\/Family-and-Partnership.html\">Family and Partnership in English here.<\/a><\/p>\n","protected":false},"excerpt":{"rendered":"<p>Im Auftrag des Familienministeriums d\u00fcrfen wir Sie mit der kostenlosen Elternberatung im Rahmen des Eltern-Kind-Passes unterst\u00fctzen, die Bed\u00fcrfnisse Ihrer Familie und Ihre beruflichen Ziele in Einklang zu bringen. Wir informieren Sie kompetent \u00fcber Themen wie Als anerkannte und zertifizierte Familienberatungsstelle stehen wir Ihnen auch dar\u00fcber hinaus f\u00fcr individuelle Anliegen, Sorgen und \u00c4ngste rund um den &hellip; <a href=\"https:\/\/frauenberatung-belladonna.at\/?page_id=1223\" class=\"more-link\"><span class=\"screen-reader-text\">Elternberatung<\/span> weiterlesen <span class=\"meta-nav\">&rarr;<\/span><\/a><\/p>\n","protected":false},"author":1,"featured_media":0,"parent":0,"menu_order":0,"comment_status":"closed","ping_status":"closed","template":"","meta":{"footnotes":""},"class_list":["post-1223","page","type-page","status-publish","hentry"],"_links":{"self":[{"href":"https:\/\/frauenberatung-belladonna.at\/index.php?rest_route=\/wp\/v2\/pages\/1223","targetHints":{"allow":["GET"]}}],"collection":[{"href":"https:\/\/frauenberatung-belladonna.at\/index.php?rest_route=\/wp\/v2\/pages"}],"about":[{"href":"https:\/\/frauenberatung-belladonna.at\/index.php?rest_route=\/wp\/v2\/types\/page"}],"author":[{"embeddable":true,"href":"https:\/\/frauenberatung-belladonna.at\/index.php?rest_route=\/wp\/v2\/users\/1"}],"replies":[{"embeddable":true,"href":"https:\/\/frauenberatung-belladonna.at\/index.php?rest_route=%2Fwp%2Fv2%2Fcomments&post=1223"}],"version-history":[{"count":13,"href":"https:\/\/frauenberatung-belladonna.at\/index.php?rest_route=\/wp\/v2\/pages\/1223\/revisions"}],"predecessor-version":[{"id":1273,"href":"https:\/\/frauenberatung-belladonna.at\/index.php?rest_route=\/wp\/v2\/pages\/1223\/revisions\/1273"}],"wp:attachment":[{"href":"https:\/\/frauenberatung-belladonna.at\/index.php?rest_route=%2Fwp%2Fv2%2Fmedia&parent=1223"}],"curies":[{"name":"wp","href":"https:\/\/api.w.org\/{rel}","templated":true}]}}