{"id":1050,"date":"2018-08-02T11:38:07","date_gmt":"2018-08-02T09:38:07","guid":{"rendered":"https:\/\/frauenberatung-belladonna.at\/?page_id=1050"},"modified":"2025-06-17T13:03:46","modified_gmt":"2025-06-17T11:03:46","slug":"unser-datenschutz","status":"publish","type":"page","link":"https:\/\/frauenberatung-belladonna.at\/?page_id=1050","title":{"rendered":"Datenschutzerkl\u00e4rung"},"content":{"rendered":"<p><strong>\u00a0<\/strong><\/p>\n<p>Bitte bedenken Sie, dass Sie bei Ihrer Kontaktaufnahme mit der Frauen- und Familienberatungsstelle BELLADONNA freiwillig personenbezogene Daten, sowie gegebenenfalls sensible Daten an BELLADONNA weitergeben.<\/p>\n<p>Ihre Daten werden ausschlie\u00dflich zum Zwecke der Leistungen der Frauen- und Familienberatungsstelle verarbeitet und Sie werden bei erstmaligem pers\u00f6nlichem Erscheinen in der Beratungsstelle \u00fcber die Datenverarbeitung informiert. Dar\u00fcber hinaus werden Sie von uns ersucht, eine Einwilligungserkl\u00e4rung zu unterzeichnen. Auch bei telefonischen Beratungen werden Sie \u00fcber den Datenschutz informiert und um eine m\u00fcndliche Einwilligung zur Datenverarbeitung gebeten. BELLADONNA sichert Ihre Daten ordnungsgem\u00e4\u00df und setzt diesbez\u00fcglich die notwendigen technischen und organisatorischen Ma\u00dfnahmen.<\/p>\n<p>BELLADONNA ist verpflichtet Ihre Daten aufgrund von gesetzlichen Aufbewahrungsfristen f\u00fcr 10 Jahre lang aufzubewahren, danach werden Ihre Daten gel\u00f6scht\/vernichtet. Sollten Sie nicht mit der Datenverarbeitung im Zuge der Inanspruchnahme von Leistungen von BELLADONNA einverstanden sein, besteht die M\u00f6glichkeit einer anonymen Beratung\/ Betreuung. Sollten Sie unzufrieden mit der Datenverarbeitung durch die Frauen- und Familienberatungsstelle BELLADONNA sein, haben Sie die M\u00f6glichkeit des Widerrufs, sowie der Beschwerde an die Datenschutzbeh\u00f6rde (\u00d6sterreichische Datenschutzbeh\u00f6rde in der Wickenburggasse 8, 1080 Wien, Telefon: +43 1 52 152-0). Bei einem Widerruf wird die Rechtm\u00e4\u00dfigkeit der aufgrund der Einwilligung bis zum Widerruf erfolgten Verarbeitung, nicht ber\u00fchrt.<\/p>\n<p><strong>\u00a0<\/strong><u>Kontakt:<br \/>\n<\/u><strong><em>Belladonna Frauen- und Familienberatung<\/em><u><br \/>\n<\/u><\/strong>August-Jaksch-Stra\u00dfe 64\/2.OG<br \/>\n9020 Klagenfurt \/ Celovec<br \/>\n0676\/851581700<br \/>\noffice@frauenberatung-belladonna.at<u><br \/>\n<\/u><\/p>\n<p><strong>\u00a0<\/strong><\/p>\n","protected":false},"excerpt":{"rendered":"<p>\u00a0 Bitte bedenken Sie, dass Sie bei Ihrer Kontaktaufnahme mit der Frauen- und Familienberatungsstelle BELLADONNA freiwillig personenbezogene Daten, sowie gegebenenfalls sensible Daten an BELLADONNA weitergeben. Ihre Daten werden ausschlie\u00dflich zum Zwecke der Leistungen der Frauen- und Familienberatungsstelle verarbeitet und Sie werden bei erstmaligem pers\u00f6nlichem Erscheinen in der Beratungsstelle \u00fcber die Datenverarbeitung informiert. Dar\u00fcber hinaus werden &hellip; <a href=\"https:\/\/frauenberatung-belladonna.at\/?page_id=1050\" class=\"more-link\"><span class=\"screen-reader-text\">Datenschutzerkl\u00e4rung<\/span> weiterlesen <span class=\"meta-nav\">&rarr;<\/span><\/a><\/p>\n","protected":false},"author":1,"featured_media":0,"parent":0,"menu_order":0,"comment_status":"closed","ping_status":"closed","template":"","meta":{"footnotes":""},"class_list":["post-1050","page","type-page","status-publish","hentry"],"_links":{"self":[{"href":"https:\/\/frauenberatung-belladonna.at\/index.php?rest_route=\/wp\/v2\/pages\/1050","targetHints":{"allow":["GET"]}}],"collection":[{"href":"https:\/\/frauenberatung-belladonna.at\/index.php?rest_route=\/wp\/v2\/pages"}],"about":[{"href":"https:\/\/frauenberatung-belladonna.at\/index.php?rest_route=\/wp\/v2\/types\/page"}],"author":[{"embeddable":true,"href":"https:\/\/frauenberatung-belladonna.at\/index.php?rest_route=\/wp\/v2\/users\/1"}],"replies":[{"embeddable":true,"href":"https:\/\/frauenberatung-belladonna.at\/index.php?rest_route=%2Fwp%2Fv2%2Fcomments&post=1050"}],"version-history":[{"count":12,"href":"https:\/\/frauenberatung-belladonna.at\/index.php?rest_route=\/wp\/v2\/pages\/1050\/revisions"}],"predecessor-version":[{"id":1357,"href":"https:\/\/frauenberatung-belladonna.at\/index.php?rest_route=\/wp\/v2\/pages\/1050\/revisions\/1357"}],"wp:attachment":[{"href":"https:\/\/frauenberatung-belladonna.at\/index.php?rest_route=%2Fwp%2Fv2%2Fmedia&parent=1050"}],"curies":[{"name":"wp","href":"https:\/\/api.w.org\/{rel}","templated":true}]}}