{"id":1012,"date":"2018-04-17T10:33:50","date_gmt":"2018-04-17T08:33:50","guid":{"rendered":"https:\/\/frauenberatung-belladonna.at\/?page_id=1012"},"modified":"2025-06-17T13:12:51","modified_gmt":"2025-06-17T11:12:51","slug":"so-finden-sie-uns","status":"publish","type":"page","link":"https:\/\/frauenberatung-belladonna.at\/?page_id=1012","title":{"rendered":"So finden Sie uns"},"content":{"rendered":"<p>\u2026<b>in Klagenfurt<br \/>\n<\/b>August-Jaksch-Stra\u00dfe 64<br \/>\n9020 Klagenfurt\/Celovec<br \/>\nB\u00fcrozeiten: Montag bis Freitag jeweils von 9:00-12:00 Uhr<br \/>\nau\u00dferhalb der B\u00fcrozeiten Termine nach Vereinbarung<\/p>\n<p>\u2026<b>in St Veit \/ Glan<\/b><br \/>\nKlagenfurter Stra\u00dfe 64<br \/>\n9300 St. Veit \/ Glan<br \/>\nB\u00fcrozeiten: Montags von 10:00-13:00 Uhr<br \/>\nau\u00dferhalb der B\u00fcrozeiten Termine nach Vereinbarung<\/p>\n<p><iframe loading=\"lazy\" style=\"border: 0;\" src=\"https:\/\/www.google.com\/maps\/embed?pb=!1m18!1m12!1m3!1d847.8761655545165!2d14.363193876074298!3d46.76227831223552!2m3!1f0!2f0!3f0!3m2!1i1024!2i768!4f13.1!3m3!1m2!1s0x47706c8bcdbbc337%3A0xaf9bb8fa99b687fb!2sKlagenfurter%20Str.%2064%2C%209300%20St.%20Veit%20an%20der%20Glan!5e1!3m2!1sde!2sat!4v1713177943825!5m2!1sde!2sat\" width=\"600\" height=\"450\" allowfullscreen=\"allowfullscreen\"><\/iframe><\/p>\n","protected":false},"excerpt":{"rendered":"<p>\u2026in Klagenfurt August-Jaksch-Stra\u00dfe 64 9020 Klagenfurt\/Celovec B\u00fcrozeiten: Montag bis Freitag jeweils von 9:00-12:00 Uhr au\u00dferhalb der B\u00fcrozeiten Termine nach Vereinbarung \u2026in St Veit \/ Glan Klagenfurter Stra\u00dfe 64 9300 St. Veit \/ Glan B\u00fcrozeiten: Montags von 10:00-13:00 Uhr au\u00dferhalb der B\u00fcrozeiten Termine nach Vereinbarung<\/p>\n","protected":false},"author":1,"featured_media":0,"parent":0,"menu_order":0,"comment_status":"closed","ping_status":"closed","template":"","meta":{"footnotes":""},"class_list":["post-1012","page","type-page","status-publish","hentry"],"_links":{"self":[{"href":"https:\/\/frauenberatung-belladonna.at\/index.php?rest_route=\/wp\/v2\/pages\/1012","targetHints":{"allow":["GET"]}}],"collection":[{"href":"https:\/\/frauenberatung-belladonna.at\/index.php?rest_route=\/wp\/v2\/pages"}],"about":[{"href":"https:\/\/frauenberatung-belladonna.at\/index.php?rest_route=\/wp\/v2\/types\/page"}],"author":[{"embeddable":true,"href":"https:\/\/frauenberatung-belladonna.at\/index.php?rest_route=\/wp\/v2\/users\/1"}],"replies":[{"embeddable":true,"href":"https:\/\/frauenberatung-belladonna.at\/index.php?rest_route=%2Fwp%2Fv2%2Fcomments&post=1012"}],"version-history":[{"count":11,"href":"https:\/\/frauenberatung-belladonna.at\/index.php?rest_route=\/wp\/v2\/pages\/1012\/revisions"}],"predecessor-version":[{"id":1359,"href":"https:\/\/frauenberatung-belladonna.at\/index.php?rest_route=\/wp\/v2\/pages\/1012\/revisions\/1359"}],"wp:attachment":[{"href":"https:\/\/frauenberatung-belladonna.at\/index.php?rest_route=%2Fwp%2Fv2%2Fmedia&parent=1012"}],"curies":[{"name":"wp","href":"https:\/\/api.w.org\/{rel}","templated":true}]}}