{"id":1008,"date":"2018-04-17T10:24:09","date_gmt":"2018-04-17T08:24:09","guid":{"rendered":"https:\/\/frauenberatung-belladonna.at\/?page_id=1008"},"modified":"2024-06-28T08:52:25","modified_gmt":"2024-06-28T06:52:25","slug":"unser-angebot","status":"publish","type":"page","link":"https:\/\/frauenberatung-belladonna.at\/?page_id=1008","title":{"rendered":"Unser Angebot"},"content":{"rendered":"<p>Unsere Beratungen und Hilfestellungen sind vertraulich, kostenlos und anonym.<\/p>\n<p><strong>Mit folgenden Anliegen k\u00f6nnen Sie sich an uns wenden:<\/strong><\/p>\n<p><strong>Beziehung <\/strong>\u2014<strong>\u00a0 <\/strong>Partnerschaft, Konflikte, Trennung, Scheidung, Einsamkeit, Mehrgenerationenfragen, Familienplanung, Ver\u00e4nderungskrisen, &#8230;<\/p>\n<p><strong>Gewalt\u00a0<\/strong>\u2014<strong>\u00a0<\/strong>psychische, k\u00f6rperliche, sexualisierte und strukturelle Gewalt, Missbrauch, Krisenintervention, Aufarbeitung fr\u00fcherer\u00a0 Gewalt- und Missbrauchserfahrungen &#8230;<\/p>\n<p><strong>Armut und Armutsgef\u00e4hrdung\u00a0<\/strong>\u2014 finanzielle Notsituationen, Existenzsicherung, Unterst\u00fctzungsm\u00f6glichketen, soziale Teilhabe&#8230;<\/p>\n<p><strong>Kinder und Jugendliche <\/strong>\u2014<strong>\u00a0<\/strong>Leben mit Kindern und Jugendlichen, Familienberatung, gleichberechtigte Elternschaft, Risiken von Elternschaft f\u00fcr Selbsterhaltungsf\u00e4higkeit und Altersabsicherung, &#8230;<\/p>\n<p><strong>Gesundheit <\/strong>\u2014<strong>\u00a0<\/strong>Psychosomatische Beschwerden, Essst\u00f6rungen, Depression, Angstzust\u00e4nde, Ersch\u00f6pfung &#8230;<\/p>\n<p><strong>Besondere Lebenssituationen\u00a0<\/strong>\u2014 Schwangerschaftskonflikt, Wechseljahre, Ver\u00e4nderungskrisen, \u00c4lter werden &#8230;<\/p>\n<p><strong>Identit\u00e4t\u00a0<\/strong>\u2014<strong>\u00a0<\/strong>Lebensplanung, Rollenkonflikte, Selbstwertprobleme, Sexualit\u00e4t, Begehren, gleichgeschlechtliche Lebensweisen &#8230;<\/p>\n<p><strong>Arbeit\u00a0<\/strong>\u2014<strong>\u00a0<\/strong>Berufs- und Karriereplanung, Wiedereinstieg, Konflikte am Arbeitsplatz, Arbeitslosigkeit &#8230;<\/p>\n<p><strong>Rechte <\/strong>\u2014<strong>\u00a0<\/strong>Ehe- und Familienrecht bzw. Verpartnerung, Erbrecht, Ehegattenunterhalt, Pension, Kindschaftsrecht, Unterhalt, Obsorge, Erbrecht, &#8230;<\/p>\n","protected":false},"excerpt":{"rendered":"<p>Unsere Beratungen und Hilfestellungen sind vertraulich, kostenlos und anonym. Mit folgenden Anliegen k\u00f6nnen Sie sich an uns wenden: Beziehung \u2014\u00a0 Partnerschaft, Konflikte, Trennung, Scheidung, Einsamkeit, Mehrgenerationenfragen, Familienplanung, Ver\u00e4nderungskrisen, &#8230; Gewalt\u00a0\u2014\u00a0psychische, k\u00f6rperliche, sexualisierte und strukturelle Gewalt, Missbrauch, Krisenintervention, Aufarbeitung fr\u00fcherer\u00a0 Gewalt- und Missbrauchserfahrungen &#8230; Armut und Armutsgef\u00e4hrdung\u00a0\u2014 finanzielle Notsituationen, Existenzsicherung, Unterst\u00fctzungsm\u00f6glichketen, soziale Teilhabe&#8230; Kinder und Jugendliche &hellip; <a href=\"https:\/\/frauenberatung-belladonna.at\/?page_id=1008\" class=\"more-link\"><span class=\"screen-reader-text\">Unser Angebot<\/span> weiterlesen <span class=\"meta-nav\">&rarr;<\/span><\/a><\/p>\n","protected":false},"author":1,"featured_media":0,"parent":0,"menu_order":0,"comment_status":"closed","ping_status":"closed","template":"","meta":{"footnotes":""},"class_list":["post-1008","page","type-page","status-publish","hentry"],"_links":{"self":[{"href":"https:\/\/frauenberatung-belladonna.at\/index.php?rest_route=\/wp\/v2\/pages\/1008","targetHints":{"allow":["GET"]}}],"collection":[{"href":"https:\/\/frauenberatung-belladonna.at\/index.php?rest_route=\/wp\/v2\/pages"}],"about":[{"href":"https:\/\/frauenberatung-belladonna.at\/index.php?rest_route=\/wp\/v2\/types\/page"}],"author":[{"embeddable":true,"href":"https:\/\/frauenberatung-belladonna.at\/index.php?rest_route=\/wp\/v2\/users\/1"}],"replies":[{"embeddable":true,"href":"https:\/\/frauenberatung-belladonna.at\/index.php?rest_route=%2Fwp%2Fv2%2Fcomments&post=1008"}],"version-history":[{"count":9,"href":"https:\/\/frauenberatung-belladonna.at\/index.php?rest_route=\/wp\/v2\/pages\/1008\/revisions"}],"predecessor-version":[{"id":1300,"href":"https:\/\/frauenberatung-belladonna.at\/index.php?rest_route=\/wp\/v2\/pages\/1008\/revisions\/1300"}],"wp:attachment":[{"href":"https:\/\/frauenberatung-belladonna.at\/index.php?rest_route=%2Fwp%2Fv2%2Fmedia&parent=1008"}],"curies":[{"name":"wp","href":"https:\/\/api.w.org\/{rel}","templated":true}]}}